{"id":993,"date":"2016-04-14T14:28:43","date_gmt":"2016-04-14T13:28:43","guid":{"rendered":"https:\/\/new.normit.com\/product\/frozen-butter-homogenizer-texturer\/"},"modified":"2016-08-02T10:00:35","modified_gmt":"2016-08-02T09:00:35","slug":"frozen-butter-homogenizer-texturer","status":"publish","type":"product","link":"https:\/\/new.normit.com\/sk\/product\/frozen-butter-homogenizer-texturer\/","title":{"rendered":"Homogeniz\u00e9r textur\u00e9r mrazen\u00e9ho masla"},"content":{"rendered":"&nbsp;<\/p>\n<table>\n<tbody>\n<tr>\n<td style=\"text-align: left;\"><strong>Model<\/strong><\/td>\n<td style=\"text-align: left;\"><strong>FBHG 1500<\/strong><\/td>\n<\/tr>\n<tr>\n<td><strong>V\u00e1ha\u00a0mrazen\u00fdch blokov masla, do (kg)\u00a0<\/strong><\/td>\n<td>25<\/td>\n<\/tr>\n<tr class=\"su-even\">\n<td><strong>Priepustnos\u0165\u00a0(teplota<\/strong><strong>= -20 \u00b0C), do (kg\/h)<\/strong><\/td>\n<td>1000<\/td>\n<\/tr>\n<tr>\n<td><strong>Priepustnos\u0165\u00a0(teplota= -5 \u00b0C), <strong>do (kg\/h)<\/strong><\/strong><\/td>\n<td>1500<\/td>\n<\/tr>\n<tr class=\"su-even\">\n<td><strong>V\u00fdkon, kW<\/strong><\/td>\n<td>41<\/td>\n<\/tr>\n<tr>\n<td><strong>Teplota masla, \u00a0do (\u00b0C)<\/strong><\/td>\n<td>-20<\/td>\n<\/tr>\n<tr class=\"su-even\">\n<td><strong>Rozmery\u00a0(Dx\u0160xV), mm<\/strong><\/td>\n<td>3575\u04451130\u04451800<\/td>\n<\/tr>\n<tr>\n<td><strong>V\u00e1ha\u00a0cca. (kg)<\/strong><\/td>\n<td>979<\/td>\n<\/tr>\n<\/tbody>\n<\/table>\n<p>&nbsp;<\/p>\n<p><strong>VLASTNOSTI:<\/strong><\/p>\n<ul>\n<li>spracovanie mrazen\u00e9ho masla na roztierate\u013en\u00e9 maslo<\/li>\n<li>zn\u00ed\u017ei \u010das potrebn\u00fd k temperovanie masla, zmrazen\u00e9 bloky m\u00f4\u017eu by\u0165 spracovan\u00e9 priamo z chladni\u010dky<\/li>\n<li>materi\u00e1l nerez\u00a0AISI 304\/316<\/li>\n<\/ul>\n<p>&nbsp;<\/p>\n<p><strong>PRODUKTY:<\/strong><\/p>\n<ul>\n<li>maslo<\/li>\n<li>rastlinn\u00fd olej<\/li>\n<li>margar\u00edn<\/li>\n<\/ul>\n<p>&nbsp;<\/p>\n<p><strong>OSTATN\u00c9 PR\u00cdSLU\u0160ENSTVO:<\/strong><\/p>\n<ul>\n<li>pneumatick\u00fd pod\u00e1va\u010d blokov<\/li>\n<li>p\u00e1sov\u00fd dopravn\u00edk produktu na vstupe<\/li>\n<\/ul>\n<p>&nbsp;<\/p>\n<div style=\"width:600px\"><div id=\"su_video_player_69d5aa051c525\" class=\"su-video jp-video su-video-controls-yes\" data-id=\"su_video_player_69d5aa051c525\" data-video=\"https:\/\/new.normit.com\/wp-content\/uploads\/2016\/04\/Frozen-butter-reworker-18\u00b0C-NORMIT.mp4\" data-swf=\"https:\/\/new.normit.com\/wp-content\/plugins\/shortcodes-ultimate\/vendor\/jplayer\/jplayer.swf\" data-autoplay=\"no\" data-loop=\"yes\" data-poster=\"\"><div id=\"su_video_player_69d5aa051c525_player\" class=\"jp-jplayer\" style=\"width:600px;height:300px\"><\/div><div class=\"jp-title\">HOMOGENIZATOR MRAZENEHO MASLA<\/div><div class=\"jp-start jp-play\"><\/div><div class=\"jp-gui\"><div class=\"jp-interface\"><div class=\"jp-progress\"><div class=\"jp-seek-bar\"><div class=\"jp-play-bar\"><\/div><\/div><\/div><div class=\"jp-current-time\"><\/div><div class=\"jp-duration\"><\/div><div class=\"jp-controls-holder\"><span class=\"jp-play\"><\/span><span class=\"jp-pause\"><\/span><span class=\"jp-mute\"><\/span><span class=\"jp-unmute\"><\/span><span class=\"jp-full-screen\"><\/span><span class=\"jp-restore-screen\"><\/span><div class=\"jp-volume-bar\"><div class=\"jp-volume-bar-value\"><\/div><\/div><\/div><\/div><\/div><\/div><\/div>","protected":false},"excerpt":{"rendered":"<p>&nbsp; Model FBHG 1500 V\u00e1ha\u00a0mrazen\u00fdch blokov masla, do (kg)\u00a0 25 Priepustnos\u0165\u00a0(teplota= -20 \u00b0C), do (kg\/h) 1000 Priepustnos\u0165\u00a0(teplota= -5 \u00b0C), do (kg\/h) 1500 V\u00fdkon, kW 41 Teplota masla, \u00a0do (\u00b0C) -20 Rozmery\u00a0(Dx\u0160xV), mm 3575\u04451130\u04451800 V\u00e1ha\u00a0cca. (kg) 979 &nbsp; VLASTNOSTI: spracovanie mrazen\u00e9ho masla na roztierate\u013en\u00e9 maslo zn\u00ed\u017ei \u010das potrebn\u00fd k temperovanie masla, zmrazen\u00e9 bloky m\u00f4\u017eu by\u0165 spracovan\u00e9 &hellip;<\/p>\n","protected":false},"featured_media":994,"comment_status":"closed","ping_status":"closed","template":"","meta":[],"product_brand":[],"product_cat":[59],"product_tag":[60],"class_list":{"0":"post-993","1":"product","2":"type-product","3":"status-publish","4":"has-post-thumbnail","6":"product_cat-spracovanie-masla","7":"product_tag-top","9":"first","10":"instock","11":"shipping-taxable","12":"product-type-external"},"_links":{"self":[{"href":"https:\/\/new.normit.com\/sk\/wp-json\/wp\/v2\/product\/993","targetHints":{"allow":["GET"]}}],"collection":[{"href":"https:\/\/new.normit.com\/sk\/wp-json\/wp\/v2\/product"}],"about":[{"href":"https:\/\/new.normit.com\/sk\/wp-json\/wp\/v2\/types\/product"}],"replies":[{"embeddable":true,"href":"https:\/\/new.normit.com\/sk\/wp-json\/wp\/v2\/comments?post=993"}],"wp:featuredmedia":[{"embeddable":true,"href":"https:\/\/new.normit.com\/sk\/wp-json\/wp\/v2\/media\/994"}],"wp:attachment":[{"href":"https:\/\/new.normit.com\/sk\/wp-json\/wp\/v2\/media?parent=993"}],"wp:term":[{"taxonomy":"product_brand","embeddable":true,"href":"https:\/\/new.normit.com\/sk\/wp-json\/wp\/v2\/product_brand?post=993"},{"taxonomy":"product_cat","embeddable":true,"href":"https:\/\/new.normit.com\/sk\/wp-json\/wp\/v2\/product_cat?post=993"},{"taxonomy":"product_tag","embeddable":true,"href":"https:\/\/new.normit.com\/sk\/wp-json\/wp\/v2\/product_tag?post=993"}],"curies":[{"name":"wp","href":"https:\/\/api.w.org\/{rel}","templated":true}]}}