{"id":1353,"date":"2016-08-23T13:39:06","date_gmt":"2016-08-23T12:39:06","guid":{"rendered":"https:\/\/new.normit.com\/?post_type=product&#038;p=1353"},"modified":"2019-05-17T07:03:48","modified_gmt":"2019-05-17T06:03:48","slug":"%d0%b4%d0%b2%d1%83%d1%85%d0%b2%d0%b0%d0%bb%d1%8c%d1%86%d0%be%d0%b2%d0%b0%d1%8f-%d0%b1%d0%b0%d1%80%d0%b0%d0%b1%d0%b0%d0%bd%d0%bd%d0%b0%d1%8f-%d1%81%d1%83%d1%88%d0%b8%d0%bb%d0%ba%d0%b0-normit","status":"publish","type":"product","link":"https:\/\/new.normit.com\/sk\/product\/%d0%b4%d0%b2%d1%83%d1%85%d0%b2%d0%b0%d0%bb%d1%8c%d1%86%d0%be%d0%b2%d0%b0%d1%8f-%d0%b1%d0%b0%d1%80%d0%b0%d0%b1%d0%b0%d0%bd%d0%bd%d0%b0%d1%8f-%d1%81%d1%83%d1%88%d0%b8%d0%bb%d0%ba%d0%b0-normit\/","title":{"rendered":"\u0414\u0432\u0443\u0445\u0432\u0430\u043b\u044c\u0446\u043e\u0432\u0430\u044f \u0431\u0430\u0440\u0430\u0431\u0430\u043d\u043d\u0430\u044f \u0441\u0443\u0448\u0438\u043b\u043a\u0430 Normit"},"content":{"rendered":"<p class=\"qtranxs-available-languages-message qtranxs-available-languages-message-sk\">\u013dutujeme, t\u00e1to str\u00e1nka je dostupn\u00e1 len v <a href=\"https:\/\/new.normit.com\/en\/wp-json\/wp\/v2\/product\/1353\" class=\"qtranxs-available-language-link qtranxs-available-language-link-en\" title=\"English\">English<\/a> a <a href=\"https:\/\/new.normit.com\/ru\/wp-json\/wp\/v2\/product\/1353\" class=\"qtranxs-available-language-link qtranxs-available-language-link-ru\" title=\"\u0420\u0443\u0441\u0441\u043a\u0438\u0439\">\u0420\u0443\u0441\u0441\u043a\u0438\u0439<\/a>.<\/p>","protected":false},"excerpt":{"rendered":"<p>\u013dutujeme, t\u00e1to str\u00e1nka je dostupn\u00e1 len v English a \u0420\u0443\u0441\u0441\u043a\u0438\u0439.<\/p>\n","protected":false},"featured_media":0,"comment_status":"closed","ping_status":"closed","template":"","meta":[],"product_brand":[],"product_cat":[127],"product_tag":[167,144,133,132,143,168],"class_list":{"0":"post-1353","1":"product","2":"type-product","3":"status-publish","5":"product_cat-dryers","6":"product_tag-167","7":"product_tag-144","8":"product_tag-133","9":"product_tag-132","10":"product_tag-143","11":"product_tag-168","13":"first","14":"instock","15":"shipping-taxable","16":"product-type-simple"},"_links":{"self":[{"href":"https:\/\/new.normit.com\/sk\/wp-json\/wp\/v2\/product\/1353","targetHints":{"allow":["GET"]}}],"collection":[{"href":"https:\/\/new.normit.com\/sk\/wp-json\/wp\/v2\/product"}],"about":[{"href":"https:\/\/new.normit.com\/sk\/wp-json\/wp\/v2\/types\/product"}],"replies":[{"embeddable":true,"href":"https:\/\/new.normit.com\/sk\/wp-json\/wp\/v2\/comments?post=1353"}],"wp:attachment":[{"href":"https:\/\/new.normit.com\/sk\/wp-json\/wp\/v2\/media?parent=1353"}],"wp:term":[{"taxonomy":"product_brand","embeddable":true,"href":"https:\/\/new.normit.com\/sk\/wp-json\/wp\/v2\/product_brand?post=1353"},{"taxonomy":"product_cat","embeddable":true,"href":"https:\/\/new.normit.com\/sk\/wp-json\/wp\/v2\/product_cat?post=1353"},{"taxonomy":"product_tag","embeddable":true,"href":"https:\/\/new.normit.com\/sk\/wp-json\/wp\/v2\/product_tag?post=1353"}],"curies":[{"name":"wp","href":"https:\/\/api.w.org\/{rel}","templated":true}]}}