{"id":1339,"date":"2016-08-23T11:14:06","date_gmt":"2016-08-23T10:14:06","guid":{"rendered":"https:\/\/new.normit.com\/?post_type=product&#038;p=1339"},"modified":"2016-08-23T13:12:59","modified_gmt":"2016-08-23T12:12:59","slug":"dehumidifiers-condensate-for-honey","status":"publish","type":"product","link":"https:\/\/new.normit.com\/sk\/product\/dehumidifiers-condensate-for-honey\/","title":{"rendered":"Su\u0161i\u010dky medu kondenza\u010dn\u00e9"},"content":{"rendered":"<table>\n<tbody>\n<tr>\n<td width=\"46\"><strong>\u2116<\/strong><\/td>\n<td><strong>Model<\/strong><\/td>\n<td width=\"71\"><strong>Hmotnos\u0165, kg<\/strong><\/td>\n<td width=\"147\"><strong>Rozmery (d\u013a\u017eka, v\u00fd\u0161ka, \u0161\u00edrka), mm<\/strong><\/td>\n<td width=\"108\"><strong>Objem, l<\/strong><\/td>\n<td width=\"72\"><strong>\u2116<\/strong><\/td>\n<\/tr>\n<tr>\n<td width=\"46\"><strong>1<\/strong><\/td>\n<td><strong>HD 100<\/strong><\/td>\n<td width=\"71\">1,5<\/td>\n<td width=\"147\">215<\/td>\n<td width=\"108\">1550x820x1570<\/td>\n<td width=\"72\">100<\/td>\n<\/tr>\n<tr>\n<td width=\"46\"><strong>2<\/strong><\/td>\n<td><strong>HD 200<\/strong><\/td>\n<td width=\"71\">1,5<\/td>\n<td width=\"147\">265<\/td>\n<td width=\"108\">1750x920x1670<\/td>\n<td width=\"72\">200<\/td>\n<\/tr>\n<tr>\n<td width=\"46\"><strong>3<\/strong><\/td>\n<td><strong>HD 400<\/strong><\/td>\n<td width=\"71\">5<\/td>\n<td width=\"147\">380<\/td>\n<td width=\"108\">1950x1070x1800<\/td>\n<td width=\"72\">400<\/td>\n<\/tr>\n<tr>\n<td width=\"46\"><strong>4<\/strong><\/td>\n<td><strong>HD 600<\/strong><\/td>\n<td width=\"71\">5<\/td>\n<td width=\"147\">770<\/td>\n<td width=\"108\">3150x1215x1880<\/td>\n<td width=\"72\">600<\/td>\n<\/tr>\n<tr>\n<td width=\"46\"><strong>5<\/strong><\/td>\n<td><strong>HD 800<\/strong><\/td>\n<td width=\"71\">3<\/td>\n<td width=\"147\">830<\/td>\n<td width=\"108\">3250x1215x1930<\/td>\n<td width=\"72\">800<\/td>\n<\/tr>\n<tr>\n<td width=\"46\"><strong>6<\/strong><\/td>\n<td><strong>HD 1000 <\/strong><\/td>\n<td width=\"71\">3<\/td>\n<td width=\"147\">895<\/td>\n<td width=\"108\">3450x1315x1980<\/td>\n<td width=\"72\">1000<\/td>\n<\/tr>\n<tr>\n<td width=\"46\"><strong>7<\/strong><\/td>\n<td><strong>HD 2000<\/strong><\/td>\n<td width=\"71\">5,1<\/td>\n<td width=\"147\">1220<\/td>\n<td width=\"108\">3750x1620x2180<\/td>\n<td width=\"72\">2000<\/td>\n<\/tr>\n<tr>\n<td width=\"46\"><strong>8<\/strong><\/td>\n<td><strong>HD 4000 <\/strong><\/td>\n<td width=\"71\">14,9<\/td>\n<td width=\"147\">1550<\/td>\n<td width=\"108\">5045\u04451550\u04451680<\/td>\n<td width=\"72\">4000<\/td>\n<\/tr>\n<\/tbody>\n<\/table>","protected":false},"excerpt":{"rendered":"<p>\u2116 Model Hmotnos\u0165, kg Rozmery (d\u013a\u017eka, v\u00fd\u0161ka, \u0161\u00edrka), mm Objem, l \u2116 1 HD 100 1,5 215 1550x820x1570 100 2 HD 200 1,5 265 1750x920x1670 200 3 HD 400 5 380 1950x1070x1800 400 4 HD 600 5 770 3150x1215x1880 600 5 HD 800 3 830 3250x1215x1930 800 6 HD 1000 3 895 3450x1315x1980 1000 7 &hellip;<\/p>\n","protected":false},"featured_media":1340,"comment_status":"closed","ping_status":"closed","template":"","meta":[],"product_brand":[],"product_cat":[127],"product_tag":[133,139,132],"class_list":{"0":"post-1339","1":"product","2":"type-product","3":"status-publish","4":"has-post-thumbnail","6":"product_cat-dryers","7":"product_tag-133","8":"product_tag-139","9":"product_tag-132","11":"first","12":"instock","13":"shipping-taxable","14":"product-type-variable"},"_links":{"self":[{"href":"https:\/\/new.normit.com\/sk\/wp-json\/wp\/v2\/product\/1339","targetHints":{"allow":["GET"]}}],"collection":[{"href":"https:\/\/new.normit.com\/sk\/wp-json\/wp\/v2\/product"}],"about":[{"href":"https:\/\/new.normit.com\/sk\/wp-json\/wp\/v2\/types\/product"}],"replies":[{"embeddable":true,"href":"https:\/\/new.normit.com\/sk\/wp-json\/wp\/v2\/comments?post=1339"}],"wp:featuredmedia":[{"embeddable":true,"href":"https:\/\/new.normit.com\/sk\/wp-json\/wp\/v2\/media\/1340"}],"wp:attachment":[{"href":"https:\/\/new.normit.com\/sk\/wp-json\/wp\/v2\/media?parent=1339"}],"wp:term":[{"taxonomy":"product_brand","embeddable":true,"href":"https:\/\/new.normit.com\/sk\/wp-json\/wp\/v2\/product_brand?post=1339"},{"taxonomy":"product_cat","embeddable":true,"href":"https:\/\/new.normit.com\/sk\/wp-json\/wp\/v2\/product_cat?post=1339"},{"taxonomy":"product_tag","embeddable":true,"href":"https:\/\/new.normit.com\/sk\/wp-json\/wp\/v2\/product_tag?post=1339"}],"curies":[{"name":"wp","href":"https:\/\/api.w.org\/{rel}","templated":true}]}}