{"id":1334,"date":"2016-08-16T09:44:24","date_gmt":"2016-08-16T08:44:24","guid":{"rendered":"https:\/\/new.normit.com\/?post_type=product&#038;p=1334"},"modified":"2016-08-16T09:44:24","modified_gmt":"2016-08-16T08:44:24","slug":"processing-mixer-with-inline-homogenizer","status":"publish","type":"product","link":"https:\/\/new.normit.com\/sk\/product\/processing-mixer-with-inline-homogenizer\/","title":{"rendered":"Procesn\u00fd mix\u00e9r s inline homogeniz\u00e1torom"},"content":{"rendered":"Procesn\u00fd mix\u00e9r je vyroben\u00e1 z\u00a0vysokokvalitnej potravin\u00e1rskej nerezovej ocele AISI 304, s\u00a0jednopl\u00e1\u0161\u0165ovou kon\u0161trukciou s\u00a0k\u00f3nick\u00fdm dnom, ploch\u00fdm na \u00bd otv\u00e1rate\u013en\u00fdm vekom a so \u0161peci\u00e1lnym stierac\u00edm mie\u0161adlom NORMIT SCRAPED STIRRER ktor\u00e9 je vybaven\u00e9 tefl\u00f3nov\u00fdmi stierkami. (ako opcia) Tefl\u00f3nov\u00e9 stierky efekt\u00edvne stieraj\u00fa produkt zo stien n\u00e1doby \u010do umo\u017en\u00ed maxim\u00e1lne vyu\u017eitie produktu a\u00a0taktie\u017e zefekt\u00edv\u0148uje \u010distenie zariadenia. Mie\u0161adlo NORMIT SCRAPED STIRRER\u00a0 je poh\u00e1\u0148an\u00e9 motorom s\u00a0prevodovkou. Homogenizovanie je zabezpe\u010den\u00e9 inlinehomogeniz\u00e1torom s\u00a0elektromotorom. S\u00fa\u010das\u0165ou mix\u00e9ra je\u00a0nerezov\u00e1 el. riadiaca skri\u0148a s\u00a0tla\u010didlov\u00fdm ovl\u00e1dan\u00edm.<\/p>\n<p><!--more--><\/p>\n<div class=\"su-youtube su-u-responsive-media-yes\"><iframe loading=\"lazy\" width=\"600\" height=\"280\" src=\"https:\/\/www.youtube.com\/embed\/IoVh5ZqZw-M?\" frameborder=\"0\" allowfullscreen allow=\"autoplay; encrypted-media; picture-in-picture\" title=\"\"><\/iframe><\/div>\n<p><!--more--><\/p>\n<div class=\"su-youtube su-u-responsive-media-yes\"><iframe loading=\"lazy\" width=\"600\" height=\"280\" src=\"https:\/\/www.youtube.com\/embed\/2ONJLvsz-Uk?\" frameborder=\"0\" allowfullscreen allow=\"autoplay; encrypted-media; picture-in-picture\" title=\"\"><\/iframe><\/div>","protected":false},"excerpt":{"rendered":"<p>\u013dutujeme, t\u00e1to str\u00e1nka je dostupn\u00e1 len v English.<\/p>\n","protected":false},"featured_media":1335,"comment_status":"closed","ping_status":"closed","template":"","meta":[],"product_brand":[],"product_cat":[165],"product_tag":[],"class_list":{"0":"post-1334","1":"product","2":"type-product","3":"status-publish","4":"has-post-thumbnail","6":"product_cat-uncategorized","8":"first","9":"instock","10":"shipping-taxable","11":"product-type-simple"},"_links":{"self":[{"href":"https:\/\/new.normit.com\/sk\/wp-json\/wp\/v2\/product\/1334","targetHints":{"allow":["GET"]}}],"collection":[{"href":"https:\/\/new.normit.com\/sk\/wp-json\/wp\/v2\/product"}],"about":[{"href":"https:\/\/new.normit.com\/sk\/wp-json\/wp\/v2\/types\/product"}],"replies":[{"embeddable":true,"href":"https:\/\/new.normit.com\/sk\/wp-json\/wp\/v2\/comments?post=1334"}],"wp:featuredmedia":[{"embeddable":true,"href":"https:\/\/new.normit.com\/sk\/wp-json\/wp\/v2\/media\/1335"}],"wp:attachment":[{"href":"https:\/\/new.normit.com\/sk\/wp-json\/wp\/v2\/media?parent=1334"}],"wp:term":[{"taxonomy":"product_brand","embeddable":true,"href":"https:\/\/new.normit.com\/sk\/wp-json\/wp\/v2\/product_brand?post=1334"},{"taxonomy":"product_cat","embeddable":true,"href":"https:\/\/new.normit.com\/sk\/wp-json\/wp\/v2\/product_cat?post=1334"},{"taxonomy":"product_tag","embeddable":true,"href":"https:\/\/new.normit.com\/sk\/wp-json\/wp\/v2\/product_tag?post=1334"}],"curies":[{"name":"wp","href":"https:\/\/api.w.org\/{rel}","templated":true}]}}