{"id":1321,"date":"2016-08-02T10:24:16","date_gmt":"2016-08-02T09:24:16","guid":{"rendered":"https:\/\/new.normit.com\/?post_type=product&#038;p=1321"},"modified":"2016-08-02T11:15:49","modified_gmt":"2016-08-02T10:15:49","slug":"production-line-for-chips-and-snack-normit-snackpro","status":"publish","type":"product","link":"https:\/\/new.normit.com\/sk\/product\/production-line-for-chips-and-snack-normit-snackpro\/","title":{"rendered":"Linka na v\u00fdrobu \u010dipsov a snakov NORMIT SNACKPRO"},"content":{"rendered":"Linka SnackPro na v\u00fdrobu \u010dipsov \u00a0zah\u0155\u0148a tri sekcie pod jedn\u00fdm ovl\u00e1dac\u00edm panelom:<br \/>\n1. Dopravn\u00edk s tromi vzduchov\u00fdmi no\u017emi na su\u0161enie produktu;<br \/>\n2. Pra\u017eenie frit\u00e9zou s kontinu\u00e1lnym \u010disten\u00edm a olejov\u00fdm okruhom, ktor\u00fd je vybaven\u00fd \u0161peci\u00e1lnymi lopatkami a dopravn\u00edkom;<br \/>\n3. Dopravn\u00edk &#8211; chladi\u010d so vzduchov\u00fdm no\u017eom.<br \/>\nLinka je ur\u010den\u00e1 pre v\u00fdrobu \u010dipsov, sneky\u00a0s r\u00f4znym stup\u0148om pra\u017eenia v oleji.<br \/>\nZariadenie je ur\u010den\u00e9 pre pou\u017eitie v potravin\u00e1rskom priemysle.<\/p>\n<p><span style=\"color: #0000ff;\"><strong>PR\u00cdKLADY\u00a0POU\u017dITIA:<\/strong><\/span><\/p>\n<ul>\n<li>v\u00fdroba zemiakov\u00fdch lupienkov,<\/li>\n<li>v\u00fdroba pek\u00e1rensk\u00fdch produktov (snaky, ob\u010derstvenie a pod. )<\/li>\n<li>v\u00fdroba ovocn\u00fdch a zeleninov\u00fdch \u00a0(\u010dipsy, snaky)<\/li>\n<\/ul>\n<p><strong><span style=\"color: #0000ff;\">DOPLNKOV\u00c9 PR\u00cdSLU\u0160ENSTVO:<\/span><\/strong><\/p>\n<ul>\n<li>PLC riadiaca jednotka<\/li>\n<li>syst\u00e9m zberu d\u00e1t<\/li>\n<li>elektrick\u00e9 vyhrievanie<\/li>\n<li>materi\u00e1l nerez AISI316<\/li>\n<\/ul>\n<p>&nbsp;<\/p>\n<div style=\"width:600px\"><div id=\"su_video_player_69f4564187b0b\" class=\"su-video jp-video su-video-controls-yes\" data-id=\"su_video_player_69f4564187b0b\" data-video=\"https:\/\/new.normit.com\/wp-content\/uploads\/2016\/08\/Production-line-for-chips-and-snacks.mp4\" data-swf=\"https:\/\/new.normit.com\/wp-content\/plugins\/shortcodes-ultimate\/vendor\/jplayer\/jplayer.swf\" data-autoplay=\"no\" data-loop=\"yes\" data-poster=\"\"><div id=\"su_video_player_69f4564187b0b_player\" class=\"jp-jplayer\" style=\"width:600px;height:300px\"><\/div><div class=\"jp-title\">Linka na v\u00fdrobu \u010dipsov \/ snakov<\/div><div class=\"jp-start jp-play\"><\/div><div class=\"jp-gui\"><div class=\"jp-interface\"><div class=\"jp-progress\"><div class=\"jp-seek-bar\"><div class=\"jp-play-bar\"><\/div><\/div><\/div><div class=\"jp-current-time\"><\/div><div class=\"jp-duration\"><\/div><div class=\"jp-controls-holder\"><span class=\"jp-play\"><\/span><span class=\"jp-pause\"><\/span><span class=\"jp-mute\"><\/span><span class=\"jp-unmute\"><\/span><span class=\"jp-full-screen\"><\/span><span class=\"jp-restore-screen\"><\/span><div class=\"jp-volume-bar\"><div class=\"jp-volume-bar-value\"><\/div><\/div><\/div><\/div><\/div><\/div><\/div>","protected":false},"excerpt":{"rendered":"<p>Linka SnackPro na v\u00fdrobu \u010dipsov \u00a0zah\u0155\u0148a tri sekcie pod jedn\u00fdm ovl\u00e1dac\u00edm panelom: 1. Dopravn\u00edk s tromi vzduchov\u00fdmi no\u017emi na su\u0161enie produktu; 2. Pra\u017eenie frit\u00e9zou s kontinu\u00e1lnym \u010disten\u00edm a olejov\u00fdm okruhom, ktor\u00fd je vybaven\u00fd \u0161peci\u00e1lnymi lopatkami a dopravn\u00edkom; 3. Dopravn\u00edk &#8211; chladi\u010d so vzduchov\u00fdm no\u017eom. Linka je ur\u010den\u00e1 pre v\u00fdrobu \u010dipsov, sneky\u00a0s r\u00f4znym stup\u0148om pra\u017eenia v &hellip;<\/p>\n","protected":false},"featured_media":1323,"comment_status":"closed","ping_status":"closed","template":"","meta":[],"product_brand":[],"product_cat":[138],"product_tag":[],"class_list":{"0":"post-1321","1":"product","2":"type-product","3":"status-publish","4":"has-post-thumbnail","6":"product_cat-line","8":"first","9":"instock","10":"shipping-taxable","11":"product-type-simple"},"_links":{"self":[{"href":"https:\/\/new.normit.com\/sk\/wp-json\/wp\/v2\/product\/1321","targetHints":{"allow":["GET"]}}],"collection":[{"href":"https:\/\/new.normit.com\/sk\/wp-json\/wp\/v2\/product"}],"about":[{"href":"https:\/\/new.normit.com\/sk\/wp-json\/wp\/v2\/types\/product"}],"replies":[{"embeddable":true,"href":"https:\/\/new.normit.com\/sk\/wp-json\/wp\/v2\/comments?post=1321"}],"wp:featuredmedia":[{"embeddable":true,"href":"https:\/\/new.normit.com\/sk\/wp-json\/wp\/v2\/media\/1323"}],"wp:attachment":[{"href":"https:\/\/new.normit.com\/sk\/wp-json\/wp\/v2\/media?parent=1321"}],"wp:term":[{"taxonomy":"product_brand","embeddable":true,"href":"https:\/\/new.normit.com\/sk\/wp-json\/wp\/v2\/product_brand?post=1321"},{"taxonomy":"product_cat","embeddable":true,"href":"https:\/\/new.normit.com\/sk\/wp-json\/wp\/v2\/product_cat?post=1321"},{"taxonomy":"product_tag","embeddable":true,"href":"https:\/\/new.normit.com\/sk\/wp-json\/wp\/v2\/product_tag?post=1321"}],"curies":[{"name":"wp","href":"https:\/\/api.w.org\/{rel}","templated":true}]}}