{"id":1314,"date":"2016-08-02T06:56:33","date_gmt":"2016-08-02T05:56:33","guid":{"rendered":"https:\/\/new.normit.com\/?post_type=product&#038;p=1314"},"modified":"2016-08-02T07:05:22","modified_gmt":"2016-08-02T06:05:22","slug":"belt_scrapers_dryer_with_heated_shelves","status":"publish","type":"product","link":"https:\/\/new.normit.com\/sk\/product\/belt_scrapers_dryer_with_heated_shelves\/","title":{"rendered":"BELT \u2013 SCRAPERS DRYER WITH HEATED SHELVES"},"content":{"rendered":"<p class=\"qtranxs-available-languages-message qtranxs-available-languages-message-sk\">\u013dutujeme, t\u00e1to str\u00e1nka je dostupn\u00e1 len v <a href=\"https:\/\/new.normit.com\/ru\/wp-json\/wp\/v2\/product\/1314\" class=\"qtranxs-available-language-link qtranxs-available-language-link-ru\" title=\"\u0420\u0443\u0441\u0441\u043a\u0438\u0439\">\u0420\u0443\u0441\u0441\u043a\u0438\u0439<\/a>.<\/p>","protected":false},"excerpt":{"rendered":"<p>\u013dutujeme, t\u00e1to str\u00e1nka je dostupn\u00e1 len v \u0420\u0443\u0441\u0441\u043a\u0438\u0439.<\/p>\n","protected":false},"featured_media":1315,"comment_status":"closed","ping_status":"closed","template":"","meta":[],"product_brand":[],"product_cat":[131],"product_tag":[137,136,135,132,134],"class_list":{"0":"post-1314","1":"product","2":"type-product","3":"status-publish","4":"has-post-thumbnail","6":"product_cat-dryer_-for_-bulk_solids","7":"product_tag-137","8":"product_tag-136","9":"product_tag-135","10":"product_tag-132","11":"product_tag-134","13":"first","14":"instock","15":"shipping-taxable","16":"product-type-simple"},"_links":{"self":[{"href":"https:\/\/new.normit.com\/sk\/wp-json\/wp\/v2\/product\/1314","targetHints":{"allow":["GET"]}}],"collection":[{"href":"https:\/\/new.normit.com\/sk\/wp-json\/wp\/v2\/product"}],"about":[{"href":"https:\/\/new.normit.com\/sk\/wp-json\/wp\/v2\/types\/product"}],"replies":[{"embeddable":true,"href":"https:\/\/new.normit.com\/sk\/wp-json\/wp\/v2\/comments?post=1314"}],"wp:featuredmedia":[{"embeddable":true,"href":"https:\/\/new.normit.com\/sk\/wp-json\/wp\/v2\/media\/1315"}],"wp:attachment":[{"href":"https:\/\/new.normit.com\/sk\/wp-json\/wp\/v2\/media?parent=1314"}],"wp:term":[{"taxonomy":"product_brand","embeddable":true,"href":"https:\/\/new.normit.com\/sk\/wp-json\/wp\/v2\/product_brand?post=1314"},{"taxonomy":"product_cat","embeddable":true,"href":"https:\/\/new.normit.com\/sk\/wp-json\/wp\/v2\/product_cat?post=1314"},{"taxonomy":"product_tag","embeddable":true,"href":"https:\/\/new.normit.com\/sk\/wp-json\/wp\/v2\/product_tag?post=1314"}],"curies":[{"name":"wp","href":"https:\/\/api.w.org\/{rel}","templated":true}]}}