{"id":1309,"date":"2016-08-02T06:54:42","date_gmt":"2016-08-02T05:54:42","guid":{"rendered":"https:\/\/new.normit.com\/?post_type=product&#038;p=1309"},"modified":"2016-08-02T06:55:53","modified_gmt":"2016-08-02T05:55:53","slug":"drum-dryer","status":"publish","type":"product","link":"https:\/\/new.normit.com\/sk\/product\/drum-dryer\/","title":{"rendered":"BUBNOV\u00c1 SU\u0160I\u010cKA"},"content":{"rendered":"<p class=\"qtranxs-available-languages-message qtranxs-available-languages-message-sk\">\u013dutujeme, t\u00e1to str\u00e1nka je dostupn\u00e1 len v <a href=\"https:\/\/new.normit.com\/ru\/wp-json\/wp\/v2\/product\/1309\" class=\"qtranxs-available-language-link qtranxs-available-language-link-ru\" title=\"\u0420\u0443\u0441\u0441\u043a\u0438\u0439\">\u0420\u0443\u0441\u0441\u043a\u0438\u0439<\/a>.<\/p>","protected":false},"excerpt":{"rendered":"<p>\u013dutujeme, t\u00e1to str\u00e1nka je dostupn\u00e1 len v \u0420\u0443\u0441\u0441\u043a\u0438\u0439.<\/p>\n","protected":false},"featured_media":1310,"comment_status":"closed","ping_status":"closed","template":"","meta":[],"product_brand":[],"product_cat":[131],"product_tag":[136,135,133,132],"class_list":{"0":"post-1309","1":"product","2":"type-product","3":"status-publish","4":"has-post-thumbnail","6":"product_cat-dryer_-for_-bulk_solids","7":"product_tag-136","8":"product_tag-135","9":"product_tag-133","10":"product_tag-132","12":"first","13":"instock","14":"shipping-taxable","15":"product-type-simple"},"_links":{"self":[{"href":"https:\/\/new.normit.com\/sk\/wp-json\/wp\/v2\/product\/1309","targetHints":{"allow":["GET"]}}],"collection":[{"href":"https:\/\/new.normit.com\/sk\/wp-json\/wp\/v2\/product"}],"about":[{"href":"https:\/\/new.normit.com\/sk\/wp-json\/wp\/v2\/types\/product"}],"replies":[{"embeddable":true,"href":"https:\/\/new.normit.com\/sk\/wp-json\/wp\/v2\/comments?post=1309"}],"wp:featuredmedia":[{"embeddable":true,"href":"https:\/\/new.normit.com\/sk\/wp-json\/wp\/v2\/media\/1310"}],"wp:attachment":[{"href":"https:\/\/new.normit.com\/sk\/wp-json\/wp\/v2\/media?parent=1309"}],"wp:term":[{"taxonomy":"product_brand","embeddable":true,"href":"https:\/\/new.normit.com\/sk\/wp-json\/wp\/v2\/product_brand?post=1309"},{"taxonomy":"product_cat","embeddable":true,"href":"https:\/\/new.normit.com\/sk\/wp-json\/wp\/v2\/product_cat?post=1309"},{"taxonomy":"product_tag","embeddable":true,"href":"https:\/\/new.normit.com\/sk\/wp-json\/wp\/v2\/product_tag?post=1309"}],"curies":[{"name":"wp","href":"https:\/\/api.w.org\/{rel}","templated":true}]}}