{"id":1277,"date":"2016-08-02T08:46:36","date_gmt":"2016-08-02T07:46:36","guid":{"rendered":"https:\/\/new.normit.com\/?post_type=product&#038;p=1277"},"modified":"2016-08-02T08:46:36","modified_gmt":"2016-08-02T07:46:36","slug":"dryers-hot-air","status":"publish","type":"product","link":"https:\/\/new.normit.com\/sk\/product\/dryers-hot-air\/","title":{"rendered":"SU\u0160I\u010cKY TEPLOVZDU\u0160N\u00c9"},"content":{"rendered":"Teplovzdu\u0161n\u00e9 su\u0161i\u010dky na ovocie, bylinky a in\u00e9 materi\u00e1ly.","protected":false},"excerpt":{"rendered":"<p>Teplovzdu\u0161n\u00e9 su\u0161i\u010dky na ovocie, bylinky a in\u00e9 materi\u00e1ly.<\/p>\n","protected":false},"featured_media":1278,"comment_status":"closed","ping_status":"closed","template":"","meta":[],"product_brand":[],"product_cat":[127],"product_tag":[],"class_list":{"0":"post-1277","1":"product","2":"type-product","3":"status-publish","4":"has-post-thumbnail","6":"product_cat-dryers","8":"first","9":"instock","10":"shipping-taxable","11":"product-type-simple"},"_links":{"self":[{"href":"https:\/\/new.normit.com\/sk\/wp-json\/wp\/v2\/product\/1277","targetHints":{"allow":["GET"]}}],"collection":[{"href":"https:\/\/new.normit.com\/sk\/wp-json\/wp\/v2\/product"}],"about":[{"href":"https:\/\/new.normit.com\/sk\/wp-json\/wp\/v2\/types\/product"}],"replies":[{"embeddable":true,"href":"https:\/\/new.normit.com\/sk\/wp-json\/wp\/v2\/comments?post=1277"}],"wp:featuredmedia":[{"embeddable":true,"href":"https:\/\/new.normit.com\/sk\/wp-json\/wp\/v2\/media\/1278"}],"wp:attachment":[{"href":"https:\/\/new.normit.com\/sk\/wp-json\/wp\/v2\/media?parent=1277"}],"wp:term":[{"taxonomy":"product_brand","embeddable":true,"href":"https:\/\/new.normit.com\/sk\/wp-json\/wp\/v2\/product_brand?post=1277"},{"taxonomy":"product_cat","embeddable":true,"href":"https:\/\/new.normit.com\/sk\/wp-json\/wp\/v2\/product_cat?post=1277"},{"taxonomy":"product_tag","embeddable":true,"href":"https:\/\/new.normit.com\/sk\/wp-json\/wp\/v2\/product_tag?post=1277"}],"curies":[{"name":"wp","href":"https:\/\/api.w.org\/{rel}","templated":true}]}}