{"id":1035,"date":"2016-06-23T07:46:05","date_gmt":"2016-06-23T06:46:05","guid":{"rendered":"https:\/\/new.normit.com\/?post_type=product&#038;p=1035"},"modified":"2016-06-27T14:02:49","modified_gmt":"2016-06-27T13:02:49","slug":"bubble-washing-system","status":"publish","type":"product","link":"https:\/\/new.normit.com\/sk\/product\/bubble-washing-system\/","title":{"rendered":"Bubble washing system"},"content":{"rendered":"<div class=\"request-price\"><\/div>\n<div class=\"floatbox\">\n<div class=\"box-1\">\n<div class=\"pos-description\">\n<div class=\"element element-textarea first last\">\n<p><span id=\"result_box\" lang=\"en\"><span class=\"hps\">Washing machine<\/span> <span class=\"hps\">is<\/span> <span class=\"hps\">constructed as a<\/span> <span class=\"hps\">compact unit<\/span> <span class=\"hps\">consisting<\/span> <span class=\"hps\">of the following components<\/span>:<\/span><\/p>\n<p><span lang=\"en\">\u00a0<\/span><\/p>\n<ul>\n<li><span lang=\"en\">Washing bath (basin)<br \/>\n<\/span><\/li>\n<li><span lang=\"en\">Air bubble circulation and washing system<br \/>\n<\/span><\/li>\n<li><span lang=\"en\">Working platform<br \/>\n<\/span><\/li>\n<li><span lang=\"en\">Modular discharge conveyor<br \/>\n<\/span><\/li>\n<li><span lang=\"en\">PLC<br \/>\n<\/span><\/li>\n<\/ul>\n<p><span lang=\"en\"><span style=\"color: #0000ff;\"><strong>WASHING BATH (BASIN)<\/strong><\/span><br \/>\n<\/span><\/p>\n<p><span lang=\"en\">\u00a0<\/span><\/p>\n<p><span lang=\"en\">The width of washing bath can be adjustable by customer requirement. The bath is in the middle divided into two parts. In the first part <span id=\"result_box\" lang=\"en\"><span class=\"hps\">coarse<\/span> <span class=\"hps\">impurities\u00a0<\/span> <\/span>are captured, the second part work as a filter tank on which<span lang=\"en\"><span id=\"result_box\" lang=\"en\"><span title=\"Ob\u011b \u010d\u00e1sti n\u00e1dr\u017ee jsou osazeny vypou\u0161t\u011bc\u00edmi ventily a \u010dist\u00edc\u00edmi otvory s dv\u00ed\u0159ky .\"> bottom is placed <span id=\"result_box\" lang=\"en\"><span title=\"P\u0159ibli\u017en\u011b 150 mm pod \u00farovn\u00ed hladiny je ro\u0161t z d\u011brovan\u00e9ho plechu.\">perforated<\/span><\/span> grid. <\/span><\/span><\/span><br \/>\n<\/span><\/p>\n<p><span lang=\"en\"><span id=\"result_box\" lang=\"en\"><span title=\"Ob\u011b \u010d\u00e1sti n\u00e1dr\u017ee jsou osazeny vypou\u0161t\u011bc\u00edmi ventily a \u010dist\u00edc\u00edmi otvory s dv\u00ed\u0159ky .\">Both parts of the baths are equipped with drain valves and are easy to clean.\u00a0\u00a0 Small impurities are captured by filter of water pump before discharge<br \/>\n<\/span><\/span><\/span><\/p>\n<p><span lang=\"en\"><span lang=\"en\"><span title=\"Ob\u011b \u010d\u00e1sti n\u00e1dr\u017ee jsou osazeny vypou\u0161t\u011bc\u00edmi ventily a \u010dist\u00edc\u00edmi otvory s dv\u00ed\u0159ky .\">\u00a0<\/span><\/span><\/span><strong><span lang=\"en\">\u00a0<\/span><\/strong><span lang=\"en\">Function of vegetable air washer<\/span><span lang=\"en\"><br \/>\n<\/span><\/p>\n<ul>\n<li><span lang=\"en\">diping function (submersible dipping of products)<br \/>\n<\/span><\/li>\n<li><span lang=\"en\">conveying function (<span id=\"result_box\" lang=\"en\"><span title=\"Funkci m\u00e1\u010dec\u00ed, kter\u00e1 zaji\u0161\u0165uje pono\u0159ov\u00e1n\u00ed plovouc\u00edch produkt\u016f pod vodn\u00ed hladinu a funkci posouvac\u00ed, kter\u00e1 zaji\u0161\u0165uje nucen\u00e9 posouv\u00e1n\u00ed pran\u00e9 zeleniny na vyn\u00e1\u0161ec\u00ed p\u00e1s.\"> which ensures the forced displacement washed vegetables on a conveyor belt<\/span><\/span>)<br \/>\n<\/span><\/li>\n<\/ul>\n<p><strong><span lang=\"en\" style=\"color: #0000ff;\">\u00a0FILTER TANK<\/span><span lang=\"en\"><br \/>\n<\/span><\/strong><\/p>\n<p><span lang=\"en\">\u00a0<\/span><span lang=\"en\">\u00a0The filter tank is located on the down part of basic. There are captured all coarse impurities which flow through the basin<br \/>\n<\/span><\/p>\n<p><span lang=\"en\">\u00a0<\/span><span lang=\"en\"><span style=\"color: #0000ff;\"><strong>DISCHARGE MANUAL CONVEYOR<\/strong><\/span><br \/>\n<\/span><\/p>\n<p><span lang=\"en\">\u00a0<\/span><span lang=\"en\">the belt widt are adjustable \/ usually is the width 600-800 cm. It is used for transporting of washed <span id=\"result_box\" lang=\"en\"><span title=\"Vyn\u00e1\u0161ec\u00ed modul\u00e1rn\u00ed dopravn\u00edk \u0161\u00ed\u0159ky 800 mm s una\u0161e\u010di p\u0159epravuje vypranou zeleninu z pra\u010dky k dal\u0161\u00edm technologick\u00fdm za\u0159\u00edzen\u00edm.\">vegetables from the washing machine to the other technological devices.<\/span><\/span><\/span><\/p>\n<p><strong><span lang=\"en\" style=\"color: #0000ff;\"><span lang=\"en\"><span title=\"Vyn\u00e1\u0161ec\u00ed modul\u00e1rn\u00ed dopravn\u00edk \u0161\u00ed\u0159ky 800 mm s una\u0161e\u010di p\u0159epravuje vypranou zeleninu z pra\u010dky k dal\u0161\u00edm technologick\u00fdm za\u0159\u00edzen\u00edm.\">\u00a0<\/span><\/span><\/span><\/strong><\/p>\n<p><span lang=\"en\"><span lang=\"en\"><span title=\"Vyn\u00e1\u0161ec\u00ed modul\u00e1rn\u00ed dopravn\u00edk \u0161\u00ed\u0159ky 800 mm s una\u0161e\u010di p\u0159epravuje vypranou zeleninu z pra\u010dky k dal\u0161\u00edm technologick\u00fdm za\u0159\u00edzen\u00edm.\"><strong><span style=\"color: #0000ff;\">THE WATER CIRCUIT<\/span><\/strong><br \/>\n<\/span><\/span><\/span><\/p>\n<p><span lang=\"en\"><span lang=\"en\"><span title=\"Vyn\u00e1\u0161ec\u00ed modul\u00e1rn\u00ed dopravn\u00edk \u0161\u00ed\u0159ky 800 mm s una\u0161e\u010di p\u0159epravuje vypranou zeleninu z pra\u010dky k dal\u0161\u00edm technologick\u00fdm za\u0159\u00edzen\u00edm.\">\u00a0<\/span><\/span><\/span><span lang=\"en\"><span lang=\"en\"><span title=\"Vyn\u00e1\u0161ec\u00ed modul\u00e1rn\u00ed dopravn\u00edk \u0161\u00ed\u0159ky 800 mm s una\u0161e\u010di p\u0159epravuje vypranou zeleninu z pra\u010dky k dal\u0161\u00edm technologick\u00fdm za\u0159\u00edzen\u00edm.\"><span id=\"result_box\" lang=\"en\"><span title=\"Okruh vodn\u00ed cirkulace je tvo\u0159en \u010derpadlem, rozvodem vody a tryskami.\">The circuit is made up of water circulation pump, water distribution and noozzles. <span id=\"result_box\" lang=\"en\"><span title=\"Trysky jsou staviteln\u00e9, tak\u017ee je mo\u017eno sm\u011brovat proud vody ke hladin\u011b nebo sm\u011brem ke dnu, podle pran\u00e9ho produktu s ohledem na to zda plave, nebo kles\u00e1 ke dnu.\">The nozzles are adjustable, so it is possible to direct the water flow to the surface or towards the bottom, according to the washed product with regard to whether it floats or sinks. <\/span><span title=\"Proud vody z trysek zabezpe\u010duje posuv pran\u00e9ho produktu k prac\u00edmu mechanismu. \u00a0\u00a0\">Water jet from the nozzles ensures displacement of the product being washed with washing mechanism.<\/span><\/span><br \/>\n<\/span><\/span><\/span><\/span><\/span><\/p>\n<p><strong><span lang=\"en\" style=\"color: #0000ff;\">\u00a0<\/span><\/strong><span lang=\"en\"><strong><span style=\"color: #0000ff;\">THE AIR CIRCUIT<\/span><\/strong><br \/>\n<\/span><\/p>\n<p><span lang=\"en\">\u00a0<\/span><span lang=\"en\"><span id=\"result_box\" lang=\"en\"><span title=\"Proud vody z trysek zabezpe\u010duje posuv pran\u00e9ho produktu k prac\u00edmu mechanismu. \u00a0\u00a0\">\u00a0 <\/span><span title=\"Okruh vzduchov\u00e9ho pran\u00ed sest\u00e1v\u00e1 z dmychadla a rozvodu vzduchu.\">The air circuit consists of\u00a0 air blower and air distribution.\u00a0<span id=\"result_box\" lang=\"en\"><span title=\"Dmychadlo zabezpe\u010duje probubl\u00e1v\u00e1n\u00ed vzduchu po cel\u00e9 pracovn\u00ed \u010d\u00e1sti myc\u00ed vany. \u00a0\u00a0\">The blower provides air bubbling across the entire working of the washing tub.<\/span><\/span><\/span><\/span><\/span><\/p>\n<p><strong><span lang=\"en\"><span lang=\"en\"><span title=\"Okruh vzduchov\u00e9ho pran\u00ed sest\u00e1v\u00e1 z dmychadla a rozvodu vzduchu.\"><span lang=\"en\"><span title=\"Dmychadlo zabezpe\u010duje probubl\u00e1v\u00e1n\u00ed vzduchu po cel\u00e9 pracovn\u00ed \u010d\u00e1sti myc\u00ed vany. \u00a0\u00a0\">\u00a0<\/span><\/span><\/span><\/span><\/span><\/strong><span lang=\"en\"><span lang=\"en\"><span title=\"Okruh vzduchov\u00e9ho pran\u00ed sest\u00e1v\u00e1 z dmychadla a rozvodu vzduchu.\"><span lang=\"en\"><span title=\"Dmychadlo zabezpe\u010duje probubl\u00e1v\u00e1n\u00ed vzduchu po cel\u00e9 pracovn\u00ed \u010d\u00e1sti myc\u00ed vany. \u00a0\u00a0\"><strong><span style=\"color: #0000ff;\">CONTROLING<\/span><\/strong><br \/>\n<\/span><\/span><\/span><\/span><\/span><\/p>\n<p><span lang=\"en\"><span class=\"hps\"><span lang=\"en\"><span class=\"hps\"><span id=\"result_box\" lang=\"en\"><span class=\"hps\">is ensured by<\/span> <span class=\"hps\">automatic control<\/span> <span class=\"hps atn\">(<\/span>PLC), <span class=\"hps\">which is designed<\/span> <span class=\"hps\">for more complex<\/span> <span class=\"hps\">machinery, equipment and<\/span><span class=\"hps\">production lines<\/span>, <span class=\"hps\">where<\/span> <span class=\"hps\">it is necessary to<\/span> <span class=\"hps\">record the<\/span> <span class=\"hps\">temperature<\/span>, <span class=\"hps\">temperature sensing<\/span>, <span class=\"hps\">signaling<\/span> <span class=\"hps\">limit.<\/span><\/span><\/span><\/span><\/span><\/span><\/p>\n<p><span lang=\"en\"><span lang=\"en\"><span title=\"Okruh vzduchov\u00e9ho pran\u00ed sest\u00e1v\u00e1 z dmychadla a rozvodu vzduchu.\"><span lang=\"en\"><span title=\"Dmychadlo zabezpe\u010duje probubl\u00e1v\u00e1n\u00ed vzduchu po cel\u00e9 pracovn\u00ed \u010d\u00e1sti myc\u00ed vany. \u00a0\u00a0\">\u00a0<\/span><\/span><\/span><\/span><\/span><span lang=\"en\"><span lang=\"en\"><span title=\"Okruh vzduchov\u00e9ho pran\u00ed sest\u00e1v\u00e1 z dmychadla a rozvodu vzduchu.\"><span lang=\"en\"><span title=\"Dmychadlo zabezpe\u010duje probubl\u00e1v\u00e1n\u00ed vzduchu po cel\u00e9 pracovn\u00ed \u010d\u00e1sti myc\u00ed vany. \u00a0\u00a0\"><strong>Technical parameters of machine<\/strong><br \/>\n<\/span><\/span><\/span><\/span><\/span><\/p>\n<p><span lang=\"en\"><span lang=\"en\"><span title=\"Okruh vzduchov\u00e9ho pran\u00ed sest\u00e1v\u00e1 z dmychadla a rozvodu vzduchu.\"><span lang=\"en\"><span title=\"Dmychadlo zabezpe\u010duje probubl\u00e1v\u00e1n\u00ed vzduchu po cel\u00e9 pracovn\u00ed \u010d\u00e1sti myc\u00ed vany. \u00a0\u00a0\"><strong>\u00a0<\/strong><\/span><\/span><\/span><\/span><\/span><\/p>\n<table style=\"height: 51px;\" border=\"0\" width=\"739\">\n<tbody>\n<tr>\n<td><strong>Material<\/strong><\/td>\n<td>AISI 304<\/td>\n<\/tr>\n<tr>\n<td><strong>Dimenzions, l, w, h<\/strong><\/td>\n<td>4025,800, 1790mm<\/td>\n<\/tr>\n<tr>\n<td><strong><span id=\"result_box\" class=\"short_text\" lang=\"en\"><span class=\"hps\">the angle<\/span> <span class=\"hps\">of the conveyor<\/span><\/span><\/strong><\/td>\n<td>45<\/td>\n<\/tr>\n<\/tbody>\n<\/table>\n<\/div>\n<p><img decoding=\"async\" src=\"https:\/\/normit.com\/images\/air%20bubble%20washer.png\" \/><\/p>\n<\/div>\n<\/div>\n<\/div>\n","protected":false},"excerpt":{"rendered":"<p>Washing machine is constructed as a compact unit consisting of the following components: \u00a0 Washing bath (basin) Air bubble circulation and washing system Working platform Modular discharge conveyor PLC WASHING BATH (BASIN) \u00a0 The width of washing bath can be adjustable by customer requirement. The bath is in the middle divided into two parts. In &hellip;<\/p>\n","protected":false},"featured_media":1036,"comment_status":"closed","ping_status":"closed","template":"","meta":[],"product_brand":[],"product_cat":[165],"product_tag":[],"class_list":{"0":"post-1035","1":"product","2":"type-product","3":"status-publish","4":"has-post-thumbnail","6":"product_cat-uncategorized","8":"first","9":"instock","10":"shipping-taxable","11":"purchasable","12":"product-type-simple"},"_links":{"self":[{"href":"https:\/\/new.normit.com\/sk\/wp-json\/wp\/v2\/product\/1035","targetHints":{"allow":["GET"]}}],"collection":[{"href":"https:\/\/new.normit.com\/sk\/wp-json\/wp\/v2\/product"}],"about":[{"href":"https:\/\/new.normit.com\/sk\/wp-json\/wp\/v2\/types\/product"}],"replies":[{"embeddable":true,"href":"https:\/\/new.normit.com\/sk\/wp-json\/wp\/v2\/comments?post=1035"}],"wp:featuredmedia":[{"embeddable":true,"href":"https:\/\/new.normit.com\/sk\/wp-json\/wp\/v2\/media\/1036"}],"wp:attachment":[{"href":"https:\/\/new.normit.com\/sk\/wp-json\/wp\/v2\/media?parent=1035"}],"wp:term":[{"taxonomy":"product_brand","embeddable":true,"href":"https:\/\/new.normit.com\/sk\/wp-json\/wp\/v2\/product_brand?post=1035"},{"taxonomy":"product_cat","embeddable":true,"href":"https:\/\/new.normit.com\/sk\/wp-json\/wp\/v2\/product_cat?post=1035"},{"taxonomy":"product_tag","embeddable":true,"href":"https:\/\/new.normit.com\/sk\/wp-json\/wp\/v2\/product_tag?post=1035"}],"curies":[{"name":"wp","href":"https:\/\/api.w.org\/{rel}","templated":true}]}}