{"id":700,"date":"2015-08-06T07:39:11","date_gmt":"2015-08-06T07:39:11","guid":{"rendered":"https:\/\/capethemes.com\/demo\/industry\/?page_id=678"},"modified":"2019-09-23T10:33:35","modified_gmt":"2019-09-23T09:33:35","slug":"contact-us","status":"publish","type":"page","link":"https:\/\/new.normit.com\/sk\/contact-us\/","title":{"rendered":"Kontakt"},"content":{"rendered":"<div class=\"su-row\"><div class=\"su-column su-column-size-2-3\"><div class=\"su-column-inner su-u-clearfix su-u-trim\">\n<p><strong>Adresa v\u00fdrobn\u00e9ho z\u00e1vodu:<\/strong><br \/>\nPezinsk\u00e1 cesta 5104, 901 01 Malacky, SLOVAKIA<\/p>\n<p><strong>Obchodn\u00e9 oddelenie:<\/strong> sales@normit.com<\/p>\n<p><strong>Marketingov\u00e9\u00a0oddelenie:<\/strong>\u00a0marketing@normit.com<\/p>\n<p><strong>Telef\u00f3nne \u010d\u00edsla:<\/strong><br \/>\n+421-902-400-321 &#8211; sloven\u010dina, angli\u010dtina, ru\u0161tina<\/p>\n<p><strong>Skype:<\/strong><br \/>\nmanager.normit<\/p>\n<\/div><\/div> <div class=\"su-column su-column-size-1-3\"><div class=\"su-column-inner su-u-clearfix su-u-trim\">\n<p>&nbsp;<\/p>\n<p><strong><br \/>\nMapa:<\/strong><\/p>\n<div class=\"su-gmap su-u-responsive-media-yes\"><iframe loading=\"lazy\" width=\"266\" height=\"360\" src=\"\/\/maps.google.com\/maps?q=Pezinsk%C3%A1%205104%2C%20901%2001%20Malacky%2C%20Slovensko&amp;output=embed\" title=\"\"><\/iframe><\/div><\/div><\/div><\/div>","protected":false},"excerpt":{"rendered":"<p>:ensu_rowsu_column size=&#8221;2\/3&#8243;<\/p>\n<p><strong>Our address &#8211; factory:<\/strong><br \/>\nPezinska cesta 5104, 901 01 Malacky, SLOVAKIA<\/p>\n<p><strong>Sales and marketing:<\/strong> sales@normit.com<\/p>\n<p><strong>Telephone numbers:<\/strong><br \/>\n+421-902-400-321 &#8211; english&#8230;<\/p>\n","protected":false},"author":1,"featured_media":0,"parent":0,"menu_order":0,"comment_status":"closed","ping_status":"closed","template":"template-fullwidth.php","meta":{"footnotes":""},"class_list":["post-700","page","type-page","status-publish","hentry"],"_links":{"self":[{"href":"https:\/\/new.normit.com\/sk\/wp-json\/wp\/v2\/pages\/700","targetHints":{"allow":["GET"]}}],"collection":[{"href":"https:\/\/new.normit.com\/sk\/wp-json\/wp\/v2\/pages"}],"about":[{"href":"https:\/\/new.normit.com\/sk\/wp-json\/wp\/v2\/types\/page"}],"author":[{"embeddable":true,"href":"https:\/\/new.normit.com\/sk\/wp-json\/wp\/v2\/users\/1"}],"replies":[{"embeddable":true,"href":"https:\/\/new.normit.com\/sk\/wp-json\/wp\/v2\/comments?post=700"}],"version-history":[{"count":20,"href":"https:\/\/new.normit.com\/sk\/wp-json\/wp\/v2\/pages\/700\/revisions"}],"predecessor-version":[{"id":1504,"href":"https:\/\/new.normit.com\/sk\/wp-json\/wp\/v2\/pages\/700\/revisions\/1504"}],"wp:attachment":[{"href":"https:\/\/new.normit.com\/sk\/wp-json\/wp\/v2\/media?parent=700"}],"curies":[{"name":"wp","href":"https:\/\/api.w.org\/{rel}","templated":true}]}}